{"id":2,"date":"2023-10-16T11:21:19","date_gmt":"2023-10-16T09:21:19","guid":{"rendered":"http:\/\/tsfreso35.fr\/?page_id=2"},"modified":"2023-11-20T11:36:28","modified_gmt":"2023-11-20T10:36:28","slug":"page-d-exemple","status":"publish","type":"page","link":"https:\/\/tsfreso35.fr\/","title":{"rendered":"TSF R\u00e9so 35 et approche syst\u00e9mique"},"content":{"rendered":"\n<p><strong>TSF R\u00e9so35<\/strong> est une association qui se r\u00e9f\u00e8re \u00e0 l\u2019<strong>approche syst\u00e9mique<\/strong>.<\/p>\n\n\n\n<p>Cette approche propose de consid\u00e9rer que chacun est inscrit dans un ou plusieurs syst\u00e8mes. Ces syst\u00e8mes sont constitu\u00e9s d\u2019individus en relations tel que toute modification impacte n\u00e9cessairement toutes les relations du syst\u00e8me.<\/p>\n\n\n\n<div style=\"height:12px\" aria-hidden=\"true\" class=\"wp-block-spacer\"><\/div>\n\n\n<div class=\"wp-block-image is-style-rounded\">\n<figure class=\"aligncenter size-full is-resized\"><img loading=\"lazy\" decoding=\"async\" width=\"808\" height=\"606\" src=\"https:\/\/tsfreso35.fr\/wp-content\/uploads\/2023\/10\/Logo-Porte.jpg\" alt=\"Logo sur la porte d'entr\u00e9e\" class=\"wp-image-6\" style=\"width:405px;height:auto\" srcset=\"https:\/\/tsfreso35.fr\/wp-content\/uploads\/2023\/10\/Logo-Porte.jpg 808w, https:\/\/tsfreso35.fr\/wp-content\/uploads\/2023\/10\/Logo-Porte-300x225.jpg 300w, https:\/\/tsfreso35.fr\/wp-content\/uploads\/2023\/10\/Logo-Porte-768x576.jpg 768w\" sizes=\"auto, (max-width: 808px) 100vw, 808px\" \/><\/figure>\n<\/div>\n\n\n<div style=\"height:5px\" aria-hidden=\"true\" class=\"wp-block-spacer\"><\/div>\n\n\n\n<p><strong>TSF R\u00e9so35<\/strong>, ce sont :<\/p>\n\n\n\n<ul class=\"wp-block-list\">\n<li>des <strong>th\u00e9rapies pour les familles, les couples ou les individus<\/strong> utilisant l\u2019approche syst\u00e9mique comme support,<\/li>\n\n\n\n<li>un lieu de r\u00e9flexion pour les th\u00e9rapeutes de l\u2019association avec la <strong>production d\u2019articles<\/strong> sur des th\u00e9matiques en lien avec l\u2019exp\u00e9rience th\u00e9rapeutique et l\u2019approche syst\u00e9mique dans la relation d\u2019aide,<\/li>\n\n\n\n<li>un <strong>lieu de r\u00e9flexion et d\u2019\u00e9change<\/strong> pour des professionnels de la relation d\u2019aide et des th\u00e9rapeutes utilisant l\u2019approche syst\u00e9mique dans leur pratique.<\/li>\n<\/ul>\n\n\n\n<div style=\"height:71px\" aria-hidden=\"true\" class=\"wp-block-spacer\"><\/div>\n\n\n\n<p class=\"has-text-align-center\"><strong>#syst\u00e9mie #th\u00e9rapie familiale #consultation #TSF<\/strong><\/p>\n","protected":false},"excerpt":{"rendered":"<p>TSF R\u00e9so35 est une association qui se r\u00e9f\u00e8re \u00e0 l\u2019approche syst\u00e9mique. Cette approche propose de consid\u00e9rer que chacun est inscrit dans un ou plusieurs syst\u00e8mes. Ces syst\u00e8mes sont constitu\u00e9s d\u2019individus en relations tel que toute modification impacte n\u00e9cessairement toutes les relations du syst\u00e8me. TSF R\u00e9so35, ce sont : #syst\u00e9mie #th\u00e9rapie familiale #consultation #TSF<\/p>\n","protected":false},"author":1,"featured_media":0,"parent":0,"menu_order":0,"comment_status":"closed","ping_status":"open","template":"","meta":{"footnotes":""},"class_list":["post-2","page","type-page","status-publish","hentry"],"jetpack_sharing_enabled":true,"_links":{"self":[{"href":"https:\/\/tsfreso35.fr\/index.php\/wp-json\/wp\/v2\/pages\/2","targetHints":{"allow":["GET"]}}],"collection":[{"href":"https:\/\/tsfreso35.fr\/index.php\/wp-json\/wp\/v2\/pages"}],"about":[{"href":"https:\/\/tsfreso35.fr\/index.php\/wp-json\/wp\/v2\/types\/page"}],"author":[{"embeddable":true,"href":"https:\/\/tsfreso35.fr\/index.php\/wp-json\/wp\/v2\/users\/1"}],"replies":[{"embeddable":true,"href":"https:\/\/tsfreso35.fr\/index.php\/wp-json\/wp\/v2\/comments?post=2"}],"version-history":[{"count":8,"href":"https:\/\/tsfreso35.fr\/index.php\/wp-json\/wp\/v2\/pages\/2\/revisions"}],"predecessor-version":[{"id":135,"href":"https:\/\/tsfreso35.fr\/index.php\/wp-json\/wp\/v2\/pages\/2\/revisions\/135"}],"wp:attachment":[{"href":"https:\/\/tsfreso35.fr\/index.php\/wp-json\/wp\/v2\/media?parent=2"}],"curies":[{"name":"wp","href":"https:\/\/api.w.org\/{rel}","templated":true}]}}