{"id":18,"date":"2023-10-16T14:29:44","date_gmt":"2023-10-16T12:29:44","guid":{"rendered":"http:\/\/tsfreso35.fr\/?page_id=18"},"modified":"2024-11-29T17:00:18","modified_gmt":"2024-11-29T16:00:18","slug":"lassociation-tsf-reso35","status":"publish","type":"page","link":"https:\/\/tsfreso35.fr\/index.php\/lassociation-tsf-reso35\/","title":{"rendered":"4- L\u2019Association TSF R\u00e9so35"},"content":{"rendered":"\n<p>TSF R\u00e9so35 a \u00e9t\u00e9 cr\u00e9\u00e9e \u00e0 la fin des ann\u00e9es 1970 par un groupe de praticiens de la relation d\u2019aide form\u00e9s \u00e0 la <strong>th\u00e9rapie familiale syst\u00e9mique<\/strong>. Se sentant isol\u00e9s dans leurs institutions, ils d\u00e9cident de se regrouper dans une instance de r\u00e9flexion informelle qu\u2019ils appellent RESO35 (r\u00e9seau d\u2019\u00e9change des syst\u00e8mes ouverts) en r\u00e9f\u00e9rence \u00e0 un r\u00e9seau national cr\u00e9\u00e9 lors du 1er congr\u00e8s de <strong>th\u00e9rapie familiale<\/strong> \u00e0 Bruxelles en 1979. En 1983, ressentant le besoin de se structurer, ce groupe qui s\u2019est largement \u00e9toff\u00e9 se constitue en association loi 1901. C\u2019est en 2008, que l\u2019association d\u00e9cide d\u2019ouvrir des <strong>consultations de th\u00e9rapies familiales, de couples ou individuelles<\/strong>.<\/p>\n\n\n\n<p>Aujourd\u2019hui, l\u2019association est anim\u00e9e par un conseil d\u2019administration constitu\u00e9 de b\u00e9n\u00e9voles avec pour pr\u00e9sidente Mathilde JACQUES, et pour tr\u00e9sorier Gerard CHABERT.<\/p>\n\n\n\n<p><strong>L&rsquo;objet&nbsp;de l&rsquo;association :<\/strong><\/p>\n\n\n\n<ul class=\"wp-block-list\">\n<li><strong>R\u00e9aliser des th\u00e9rapies \u00e0 destination de familles, de couples, ou de personnes individuelles<\/strong> en utilisant l\u2019<strong>approche syst\u00e9mique<\/strong> comme support<\/li>\n\n\n\n<li><strong>R\u00e9diger des articles<\/strong> sur des th\u00e9matiques en lien avec l\u2019exp\u00e9rience th\u00e9rapeutique et l\u2019approche syst\u00e9mique dans la relation d\u2019aide.<\/li>\n\n\n\n<li>\u00catre un <strong>lieu de supervision et de confrontation des pratiques<\/strong> pour des professionnels accompagnant des personnes dans un cadre \u00e9ducatif, de soins, de th\u00e9rapies.<\/li>\n<\/ul>\n\n\n<div class=\"wp-block-image\">\n<figure class=\"aligncenter size-full is-resized\"><img loading=\"lazy\" decoding=\"async\" width=\"1000\" height=\"750\" src=\"https:\/\/tsfreso35.fr\/wp-content\/uploads\/2023\/11\/IMG_20231124_112607.jpg\" alt=\"Etag\u00e8res avec livres\" class=\"wp-image-154\" style=\"width:445px;height:auto\" srcset=\"https:\/\/tsfreso35.fr\/wp-content\/uploads\/2023\/11\/IMG_20231124_112607.jpg 1000w, https:\/\/tsfreso35.fr\/wp-content\/uploads\/2023\/11\/IMG_20231124_112607-300x225.jpg 300w, https:\/\/tsfreso35.fr\/wp-content\/uploads\/2023\/11\/IMG_20231124_112607-768x576.jpg 768w\" sizes=\"auto, (max-width: 1000px) 100vw, 1000px\" \/><\/figure>\n<\/div>\n\n\n<p>Les parties prenantes du projet de l\u2019Association sont des administrateurs b\u00e9n\u00e9voles et des th\u00e9rapeutes salari\u00e9s, convaincus que&nbsp;:<\/p>\n\n\n\n<ul class=\"wp-block-list\">\n<li>Toute personne vivant en soci\u00e9t\u00e9, au sein de syst\u00e8mes vari\u00e9s et multiples, dont la famille, est en <strong>interaction<\/strong> avec les acteurs de ces diff\u00e9rents syst\u00e8mes,&nbsp;<\/li>\n\n\n\n<li>La <strong>r\u00e9ciprocit\u00e9<\/strong> est un \u00e9l\u00e9ment essentiel de toute relation humaine dans le sens o\u00f9 chacun influence l\u2019autre et ses comportements de fa\u00e7on circulaire et continue.<\/li>\n\n\n\n<li><strong>La famille est un syst\u00e8me privil\u00e9gi\u00e9<\/strong> d\u2019analyse des modes de communication, des relations interpersonnelles qui s\u2019y d\u00e9veloppent et de leur influence sur chacun des membres qui composent la famille<\/li>\n\n\n\n<li>La <strong>th\u00e9rapie familiale syst\u00e9mique<\/strong> aide les personnes qui le souhaitent \u00e0 mieux comprendre ce qui se joue au sein de leur famille, \u00e0 identifier leur place et leur r\u00f4le au sein de ce syst\u00e8me, \u00e0 \u00e9voluer individuellement et \u00e0 faire \u00e9voluer les interactions au sein de la famille.<\/li>\n\n\n\n<li>&nbsp;L\u2019objectif recherch\u00e9 est, dans une perspective de changement du fonctionnement du syst\u00e8me, de d\u00e9velopper le <strong>mieux-\u00eatre<\/strong>, une <strong>communication apais\u00e9e<\/strong> et <strong>l\u2019\u00e9panouissement de chacun<\/strong> des membres de la famille.<\/li>\n<\/ul>\n","protected":false},"excerpt":{"rendered":"<p>TSF R\u00e9so35 a \u00e9t\u00e9 cr\u00e9\u00e9e \u00e0 la fin des ann\u00e9es 1970 par un groupe de praticiens de la relation d\u2019aide form\u00e9s \u00e0 la th\u00e9rapie familiale syst\u00e9mique. Se sentant isol\u00e9s dans leurs institutions, ils d\u00e9cident de se regrouper dans une instance de r\u00e9flexion informelle qu\u2019ils appellent RESO35 (r\u00e9seau d\u2019\u00e9change des syst\u00e8mes ouverts) en r\u00e9f\u00e9rence \u00e0 un [&hellip;]<\/p>\n","protected":false},"author":1,"featured_media":0,"parent":0,"menu_order":0,"comment_status":"closed","ping_status":"closed","template":"","meta":{"footnotes":""},"class_list":["post-18","page","type-page","status-publish","hentry"],"jetpack_sharing_enabled":true,"_links":{"self":[{"href":"https:\/\/tsfreso35.fr\/index.php\/wp-json\/wp\/v2\/pages\/18","targetHints":{"allow":["GET"]}}],"collection":[{"href":"https:\/\/tsfreso35.fr\/index.php\/wp-json\/wp\/v2\/pages"}],"about":[{"href":"https:\/\/tsfreso35.fr\/index.php\/wp-json\/wp\/v2\/types\/page"}],"author":[{"embeddable":true,"href":"https:\/\/tsfreso35.fr\/index.php\/wp-json\/wp\/v2\/users\/1"}],"replies":[{"embeddable":true,"href":"https:\/\/tsfreso35.fr\/index.php\/wp-json\/wp\/v2\/comments?post=18"}],"version-history":[{"count":10,"href":"https:\/\/tsfreso35.fr\/index.php\/wp-json\/wp\/v2\/pages\/18\/revisions"}],"predecessor-version":[{"id":186,"href":"https:\/\/tsfreso35.fr\/index.php\/wp-json\/wp\/v2\/pages\/18\/revisions\/186"}],"wp:attachment":[{"href":"https:\/\/tsfreso35.fr\/index.php\/wp-json\/wp\/v2\/media?parent=18"}],"curies":[{"name":"wp","href":"https:\/\/api.w.org\/{rel}","templated":true}]}}