{"id":177,"date":"2024-11-29T16:55:46","date_gmt":"2024-11-29T15:55:46","guid":{"rendered":"https:\/\/tsfreso35.fr\/?page_id=177"},"modified":"2024-11-29T16:57:08","modified_gmt":"2024-11-29T15:57:08","slug":"supervision","status":"publish","type":"page","link":"https:\/\/tsfreso35.fr\/index.php\/supervision\/","title":{"rendered":"2- Supervisions"},"content":{"rendered":"\n<p>TSF R\u00e9so35 propose des supervisions qui peuvent int\u00e9resser des travailleurs sociaux, des infirmiers, des m\u00e9decins, des th\u00e9rapeutes, ou toute personne travaillant dans l&rsquo;aide et le soutien&#8230;<\/p>\n\n\n\n<div style=\"height:43px\" aria-hidden=\"true\" class=\"wp-block-spacer\"><\/div>\n\n\n\n<p>Deux formules :<\/p>\n\n\n\n<ul class=\"wp-block-list\">\n<li>Supervision individuelle : co\u00fbt 80\u20ac\/heure<\/li>\n\n\n\n<li>Supervision collective (pour un groupe constitu\u00e9 de 8 personnes maximum) : co\u00fbt 140\u20ac\/heure<\/li>\n<\/ul>\n\n\n<div class=\"wp-block-image\">\n<figure class=\"aligncenter size-large is-resized\"><img loading=\"lazy\" decoding=\"async\" width=\"1024\" height=\"768\" src=\"https:\/\/tsfreso35.fr\/wp-content\/uploads\/2024\/11\/IMG_20241125_164141-1024x768.jpg\" alt=\"\" class=\"wp-image-180\" style=\"width:668px;height:auto\" srcset=\"https:\/\/tsfreso35.fr\/wp-content\/uploads\/2024\/11\/IMG_20241125_164141-1024x768.jpg 1024w, https:\/\/tsfreso35.fr\/wp-content\/uploads\/2024\/11\/IMG_20241125_164141-300x225.jpg 300w, https:\/\/tsfreso35.fr\/wp-content\/uploads\/2024\/11\/IMG_20241125_164141-768x576.jpg 768w, https:\/\/tsfreso35.fr\/wp-content\/uploads\/2024\/11\/IMG_20241125_164141-1536x1152.jpg 1536w, https:\/\/tsfreso35.fr\/wp-content\/uploads\/2024\/11\/IMG_20241125_164141-2048x1536.jpg 2048w\" sizes=\"auto, (max-width: 1024px) 100vw, 1024px\" \/><\/figure>\n<\/div>\n\n\n<p class=\"has-text-align-center\">Pour plus d&rsquo;information, nous <a href=\"https:\/\/tsfreso35.fr\/index.php\/nous-contacter\/\">contacter<\/a>.<\/p>\n\n\n\n<p><\/p>\n","protected":false},"excerpt":{"rendered":"<p>TSF R\u00e9so35 propose des supervisions qui peuvent int\u00e9resser des travailleurs sociaux, des infirmiers, des m\u00e9decins, des th\u00e9rapeutes, ou toute personne travaillant dans l&rsquo;aide et le soutien&#8230; Deux formules : Pour plus d&rsquo;information, nous contacter.<\/p>\n","protected":false},"author":1,"featured_media":0,"parent":0,"menu_order":0,"comment_status":"closed","ping_status":"closed","template":"","meta":{"footnotes":""},"class_list":["post-177","page","type-page","status-publish","hentry"],"jetpack_sharing_enabled":true,"_links":{"self":[{"href":"https:\/\/tsfreso35.fr\/index.php\/wp-json\/wp\/v2\/pages\/177","targetHints":{"allow":["GET"]}}],"collection":[{"href":"https:\/\/tsfreso35.fr\/index.php\/wp-json\/wp\/v2\/pages"}],"about":[{"href":"https:\/\/tsfreso35.fr\/index.php\/wp-json\/wp\/v2\/types\/page"}],"author":[{"embeddable":true,"href":"https:\/\/tsfreso35.fr\/index.php\/wp-json\/wp\/v2\/users\/1"}],"replies":[{"embeddable":true,"href":"https:\/\/tsfreso35.fr\/index.php\/wp-json\/wp\/v2\/comments?post=177"}],"version-history":[{"count":4,"href":"https:\/\/tsfreso35.fr\/index.php\/wp-json\/wp\/v2\/pages\/177\/revisions"}],"predecessor-version":[{"id":182,"href":"https:\/\/tsfreso35.fr\/index.php\/wp-json\/wp\/v2\/pages\/177\/revisions\/182"}],"wp:attachment":[{"href":"https:\/\/tsfreso35.fr\/index.php\/wp-json\/wp\/v2\/media?parent=177"}],"curies":[{"name":"wp","href":"https:\/\/api.w.org\/{rel}","templated":true}]}}