{"id":14,"date":"2023-10-16T14:24:04","date_gmt":"2023-10-16T12:24:04","guid":{"rendered":"http:\/\/tsfreso35.fr\/?page_id=14"},"modified":"2024-11-29T17:00:00","modified_gmt":"2024-11-29T16:00:00","slug":"valeurs-et-principes-ethiques","status":"publish","type":"page","link":"https:\/\/tsfreso35.fr\/index.php\/valeurs-et-principes-ethiques\/","title":{"rendered":"3- Valeurs et principes \u00e9thiques"},"content":{"rendered":"<div class=\"wp-block-image\">\n<figure class=\"aligncenter size-full is-resized\"><img loading=\"lazy\" decoding=\"async\" width=\"1000\" height=\"750\" src=\"https:\/\/tsfreso35.fr\/wp-content\/uploads\/2023\/10\/Mongolfiere.jpg\" alt=\"\" class=\"wp-image-15\" style=\"aspect-ratio:1.3333333333333333;width:367px;height:auto\" srcset=\"https:\/\/tsfreso35.fr\/wp-content\/uploads\/2023\/10\/Mongolfiere.jpg 1000w, https:\/\/tsfreso35.fr\/wp-content\/uploads\/2023\/10\/Mongolfiere-300x225.jpg 300w, https:\/\/tsfreso35.fr\/wp-content\/uploads\/2023\/10\/Mongolfiere-768x576.jpg 768w\" sizes=\"auto, (max-width: 1000px) 100vw, 1000px\" \/><\/figure>\n<\/div>\n\n\n<p class=\"has-white-background-color has-background\" style=\"font-size:25px\"><strong>RESPECT<\/strong><\/p>\n\n\n\n<p><em>Pour TSF R\u00e9so35, le respect am\u00e8ne \u00e0 se conduire envers les personnes avec \u00e9gard. Il se base sur l\u2019acceptation du principe d\u2019\u00e9galit\u00e9 entre les personnes.<\/em><\/p>\n\n\n\n<p><em>C\u2019est consid\u00e9rer chaque personne dans sa singularit\u00e9, l\u2019\u00e9couter avec bienveillance sans complaisance, la reconnaitre comme un \u00eatre unique avec son potentiel, son histoire, ses difficult\u00e9s.<\/em><\/p>\n\n\n\n<p><strong>Principes \u00e9thiques&nbsp;:<\/strong><\/p>\n\n\n\n<ul class=\"wp-block-list\">\n<li>Accueillir chaque personne sans discrimination et sans jugement<\/li>\n\n\n\n<li>Ecouter, instaurer un dialogue ainsi qu\u2019un climat de s\u00e9curit\u00e9 et de confiance r\u00e9ciproque<\/li>\n\n\n\n<li>Individualiser la th\u00e9rapie<\/li>\n\n\n\n<li>Avoir une attention particuli\u00e8re pour l\u2019expression et la gestion des \u00e9motions<\/li>\n\n\n\n<li>Avancer avec les personnes, leur donner et aussi accepter de recevoir d\u2019elles<\/li>\n<\/ul>\n\n\n\n<div style=\"height:57px\" aria-hidden=\"true\" class=\"wp-block-spacer\"><\/div>\n\n\n\n<p style=\"font-size:25px\"><strong>LOYAUTE<\/strong><\/p>\n\n\n\n<p><em>Pour TSF R\u00e9so35, la loyaut\u00e9 c\u2019est \u00eatre fid\u00e8le dans sa conduite aux engagements pris envers les personnes, les familles, l\u2019Association, l\u2019\u00e9quipe\u2026<\/em><\/p>\n\n\n\n<p><strong>Principes \u00e9thiques&nbsp;:<\/strong><\/p>\n\n\n\n<ul class=\"wp-block-list\">\n<li>S\u2019engager et agir en r\u00e9f\u00e9rence aux valeurs et \u00e0 l\u2019histoire de l\u2019Association<\/li>\n\n\n\n<li>Faire ce que l\u2019on dit<\/li>\n\n\n\n<li>Respecter les r\u00e8gles \u00e9tablies<\/li>\n<\/ul>\n\n\n\n<div style=\"height:39px\" aria-hidden=\"true\" class=\"wp-block-spacer\"><\/div>\n\n\n\n<p style=\"font-size:25px\"><strong>OUVERTURE<\/strong><\/p>\n\n\n\n<p><em>Pour TSF R\u00e9so35, l\u2019ouverture c\u2019est \u00e0 la fois faire ensemble au sein de l\u2019Association, c\u2019est aussi transmettre, s\u2019entraider, partager son exp\u00e9rience, \u00e9changer et apprendre avec les autres.<\/em><\/p>\n\n\n\n<p><strong>Principes \u00e9thiques&nbsp;:<\/strong><\/p>\n\n\n\n<ul class=\"wp-block-list\">\n<li>Accueillir et partager avec g\u00e9n\u00e9rosit\u00e9<\/li>\n\n\n\n<li>D\u00e9velopper la culture de la convivialit\u00e9 et de l\u2019humour partag\u00e9<\/li>\n\n\n\n<li>Maintenir et d\u00e9velopper l\u2019envie de la d\u00e9couverte ainsi que la curiosit\u00e9 pour l\u2019innovation et la recherche<\/li>\n\n\n\n<li>Reconnaitre et s\u2019int\u00e9resser \u00e0 l\u2019autre avec ses diff\u00e9rences et ses particularit\u00e9s pour \u00eatre en capacit\u00e9 d\u2019apprendre de lui.<\/li>\n\n\n\n<li>Transmettre son savoir et son exp\u00e9rience.<\/li>\n<\/ul>\n\n\n\n<div style=\"height:35px\" aria-hidden=\"true\" class=\"wp-block-spacer\"><\/div>\n\n\n\n<p style=\"font-size:25px\"><strong>PROFESSIONNALISME<\/strong><\/p>\n\n\n\n<p><em>Pour TSF R\u00e9so35, le professionnalisme caract\u00e9rise la qualit\u00e9 du travail r\u00e9alis\u00e9 par les professionnels, la fiabilit\u00e9, les comp\u00e9tences, l\u2019exp\u00e9rience, l\u2019\u00e9volution permanente.<\/em><\/p>\n\n\n\n<p><strong>Principes \u00e9thiques:<\/strong><\/p>\n\n\n\n<ul class=\"wp-block-list\">\n<li>Se questionner sur le sens de son action, dire et montrer ce que l\u2019on fait<\/li>\n\n\n\n<li>Agir avec rigueur et authenticit\u00e9 en ayant le sens des responsabilit\u00e9s<\/li>\n\n\n\n<li>Se former et se perfectionner de fa\u00e7on continue<\/li>\n\n\n\n<li>Garantir la confidentialit\u00e9 des informations re\u00e7ues<\/li>\n\n\n\n<li>S\u2019appuyer sur les comp\u00e9tences des personnes qui font appel \u00e0 l\u2019Association, collaborer avec elles pour faire \u00e9voluer les pratiques<\/li>\n\n\n\n<li>Transmettre son savoir et son exp\u00e9rience.<\/li>\n<\/ul>\n","protected":false},"excerpt":{"rendered":"<p>RESPECT Pour TSF R\u00e9so35, le respect am\u00e8ne \u00e0 se conduire envers les personnes avec \u00e9gard. Il se base sur l\u2019acceptation du principe d\u2019\u00e9galit\u00e9 entre les personnes. C\u2019est consid\u00e9rer chaque personne dans sa singularit\u00e9, l\u2019\u00e9couter avec bienveillance sans complaisance, la reconnaitre comme un \u00eatre unique avec son potentiel, son histoire, ses difficult\u00e9s. Principes \u00e9thiques&nbsp;: LOYAUTE Pour [&hellip;]<\/p>\n","protected":false},"author":1,"featured_media":0,"parent":0,"menu_order":0,"comment_status":"closed","ping_status":"closed","template":"","meta":{"footnotes":""},"class_list":["post-14","page","type-page","status-publish","hentry"],"jetpack_sharing_enabled":true,"_links":{"self":[{"href":"https:\/\/tsfreso35.fr\/index.php\/wp-json\/wp\/v2\/pages\/14","targetHints":{"allow":["GET"]}}],"collection":[{"href":"https:\/\/tsfreso35.fr\/index.php\/wp-json\/wp\/v2\/pages"}],"about":[{"href":"https:\/\/tsfreso35.fr\/index.php\/wp-json\/wp\/v2\/types\/page"}],"author":[{"embeddable":true,"href":"https:\/\/tsfreso35.fr\/index.php\/wp-json\/wp\/v2\/users\/1"}],"replies":[{"embeddable":true,"href":"https:\/\/tsfreso35.fr\/index.php\/wp-json\/wp\/v2\/comments?post=14"}],"version-history":[{"count":7,"href":"https:\/\/tsfreso35.fr\/index.php\/wp-json\/wp\/v2\/pages\/14\/revisions"}],"predecessor-version":[{"id":185,"href":"https:\/\/tsfreso35.fr\/index.php\/wp-json\/wp\/v2\/pages\/14\/revisions\/185"}],"wp:attachment":[{"href":"https:\/\/tsfreso35.fr\/index.php\/wp-json\/wp\/v2\/media?parent=14"}],"curies":[{"name":"wp","href":"https:\/\/api.w.org\/{rel}","templated":true}]}}