{"id":125,"date":"2023-11-24T15:19:50","date_gmt":"2023-11-24T14:19:50","guid":{"rendered":"https:\/\/tsfreso35.fr\/?page_id=125"},"modified":"2024-11-29T17:00:53","modified_gmt":"2024-11-29T16:00:53","slug":"4-le-reseau-de-tsf","status":"publish","type":"page","link":"https:\/\/tsfreso35.fr\/index.php\/4-le-reseau-de-tsf\/","title":{"rendered":"5- Le r\u00e9seau de TSF"},"content":{"rendered":"\n<p class=\"has-text-align-center\">L&rsquo;organisme de formation <a href=\"http:\/\/forsyfa.com\" data-type=\"link\" data-id=\"forsyfa.com\">FORSYFA<\/a> \u00e0 Nantes (44).<\/p>\n\n\n\n<div style=\"height:23px\" aria-hidden=\"true\" class=\"wp-block-spacer\"><\/div>\n\n\n\n<p class=\"has-text-align-center\"><a href=\"https:\/\/www.maisonmieuxetre-rennes.org\">Zina BANI<\/a>, th\u00e9rapeute Syst\u00e9mique \u00e0 la Maison du Mieux Etre \u00e0 Rennes (35).<\/p>\n\n\n\n<p class=\"has-text-align-center\"><a href=\"https:\/\/www.cardea-formation.com\/\">Claire Boulang\u00e9<\/a>, Gestalt-th\u00e9rapeute \u00e0 Rennes (35).<\/p>\n\n\n\n<p class=\"has-text-align-center\"><a href=\"http:\/\/celika53000.wixsite.com\/celika?fbclid=IwAR0-p-V5HWfz1koEQ7SV0plbll4VQrx8BzsXPqFhgv_0n4CRugPRZsY3Oc0\">Celine et Karine (CELIKA)<\/a>, th\u00e9rapeutes familiales syst\u00e9miques \u00e0 Laval (53).<\/p>\n\n\n\n<p class=\"has-text-align-center\"><a href=\"https:\/\/c-gadby-massart.com\/\">Catherine GADBY MASSART<\/a>, th\u00e9rapeute familiale de couple et d&rsquo;individus \u00e0 Bain de Bretagne (35).<\/p>\n\n\n\n<p class=\"has-text-align-center\"><a href=\"https:\/\/elodie-lesage.fr\/\">Elodie LESAGE CHEVALIER<\/a>, Gestalt th\u00e9rapeute \u00e0 Saint Sulpice la For\u00eat (35).<\/p>\n\n\n\n<p class=\"has-text-align-center\"><a href=\"https:\/\/www.pooldart-therapie.com\/\">Claire Nicolas<\/a>, art th\u00e9rapeute \u00e0 Rennes (35).<\/p>\n\n\n\n<p class=\"has-text-align-center\"><a href=\"https:\/\/www.conseil-conjugal-familial-35.fr\/\">Anne VERLET<\/a>, conseill\u00e8re conjugale et familiale, th\u00e9rapeute de couple et individuelle \u00e0 Rennes (35).<\/p>\n\n\n\n<div style=\"height:15px\" aria-hidden=\"true\" class=\"wp-block-spacer\"><\/div>\n\n\n<div class=\"wp-block-image\">\n<figure class=\"aligncenter size-full is-resized\"><img loading=\"lazy\" decoding=\"async\" width=\"1000\" height=\"750\" src=\"https:\/\/tsfreso35.fr\/wp-content\/uploads\/2023\/11\/IMG_20231124_112654.jpg\" alt=\"\" class=\"wp-image-150\" style=\"width:451px;height:auto\" srcset=\"https:\/\/tsfreso35.fr\/wp-content\/uploads\/2023\/11\/IMG_20231124_112654.jpg 1000w, https:\/\/tsfreso35.fr\/wp-content\/uploads\/2023\/11\/IMG_20231124_112654-300x225.jpg 300w, https:\/\/tsfreso35.fr\/wp-content\/uploads\/2023\/11\/IMG_20231124_112654-768x576.jpg 768w\" sizes=\"auto, (max-width: 1000px) 100vw, 1000px\" \/><\/figure>\n<\/div>","protected":false},"excerpt":{"rendered":"<p>L&rsquo;organisme de formation FORSYFA \u00e0 Nantes (44). Zina BANI, th\u00e9rapeute Syst\u00e9mique \u00e0 la Maison du Mieux Etre \u00e0 Rennes (35). Claire Boulang\u00e9, Gestalt-th\u00e9rapeute \u00e0 Rennes (35). Celine et Karine (CELIKA), th\u00e9rapeutes familiales syst\u00e9miques \u00e0 Laval (53). Catherine GADBY MASSART, th\u00e9rapeute familiale de couple et d&rsquo;individus \u00e0 Bain de Bretagne (35). Elodie LESAGE CHEVALIER, Gestalt th\u00e9rapeute [&hellip;]<\/p>\n","protected":false},"author":1,"featured_media":0,"parent":0,"menu_order":0,"comment_status":"closed","ping_status":"closed","template":"","meta":{"footnotes":""},"class_list":["post-125","page","type-page","status-publish","hentry"],"jetpack_sharing_enabled":true,"_links":{"self":[{"href":"https:\/\/tsfreso35.fr\/index.php\/wp-json\/wp\/v2\/pages\/125","targetHints":{"allow":["GET"]}}],"collection":[{"href":"https:\/\/tsfreso35.fr\/index.php\/wp-json\/wp\/v2\/pages"}],"about":[{"href":"https:\/\/tsfreso35.fr\/index.php\/wp-json\/wp\/v2\/types\/page"}],"author":[{"embeddable":true,"href":"https:\/\/tsfreso35.fr\/index.php\/wp-json\/wp\/v2\/users\/1"}],"replies":[{"embeddable":true,"href":"https:\/\/tsfreso35.fr\/index.php\/wp-json\/wp\/v2\/comments?post=125"}],"version-history":[{"count":17,"href":"https:\/\/tsfreso35.fr\/index.php\/wp-json\/wp\/v2\/pages\/125\/revisions"}],"predecessor-version":[{"id":188,"href":"https:\/\/tsfreso35.fr\/index.php\/wp-json\/wp\/v2\/pages\/125\/revisions\/188"}],"wp:attachment":[{"href":"https:\/\/tsfreso35.fr\/index.php\/wp-json\/wp\/v2\/media?parent=125"}],"curies":[{"name":"wp","href":"https:\/\/api.w.org\/{rel}","templated":true}]}}