{"id":10,"date":"2023-10-16T14:13:48","date_gmt":"2023-10-16T12:13:48","guid":{"rendered":"http:\/\/tsfreso35.fr\/?page_id=10"},"modified":"2025-10-22T15:09:25","modified_gmt":"2025-10-22T13:09:25","slug":"therapies-familiales-de-couples-et-individuelles","status":"publish","type":"page","link":"https:\/\/tsfreso35.fr\/index.php\/therapies-familiales-de-couples-et-individuelles\/","title":{"rendered":"1- Th\u00e9rapies familiales, de couples et individuelles"},"content":{"rendered":"\n<p>TSF R\u00e9so35 est un lieu de <strong>consultations pour des familles, des couples et des individus<\/strong>. Les th\u00e9rapeutes ont en r\u00e9f\u00e9rence commune l\u2019<strong>approche syst\u00e9mique<\/strong>.<\/p>\n\n\n\n<p>Cette consultation s\u2019adresse \u00e0 des familles ou des couples rencontrant des difficult\u00e9s relationnelles familiales et\/ou conjugales. Elle est \u00e9galement ouverte \u00e0 toute personne d\u00e9sirant travailler sa relation avec sa famille d\u2019origine (travail du g\u00e9nogramme), ou connaissant des difficult\u00e9s relationnelles dans son contexte professionnel.<\/p>\n\n\n<div class=\"wp-block-image\">\n<figure class=\"aligncenter size-full is-resized\"><a href=\"https:\/\/celika53000.wixsite.com\/celika\" target=\"_blank\" rel=\"noreferrer noopener\"><img loading=\"lazy\" decoding=\"async\" width=\"1000\" height=\"750\" src=\"https:\/\/tsfreso35.fr\/wp-content\/uploads\/2023\/10\/Maquette.jpg\" alt=\"Maquette repr\u00e9sentant la salle de consultation\" class=\"wp-image-11\" style=\"aspect-ratio:1.3333333333333333;width:445px;height:auto\" srcset=\"https:\/\/tsfreso35.fr\/wp-content\/uploads\/2023\/10\/Maquette.jpg 1000w, https:\/\/tsfreso35.fr\/wp-content\/uploads\/2023\/10\/Maquette-300x225.jpg 300w, https:\/\/tsfreso35.fr\/wp-content\/uploads\/2023\/10\/Maquette-768x576.jpg 768w\" sizes=\"auto, (max-width: 1000px) 100vw, 1000px\" \/><\/a><figcaption class=\"wp-element-caption\">R\u00e9alisation Karine de Celika<\/figcaption><\/figure>\n<\/div>\n\n\n<p>Apr\u00e8s la prise de rendez-vous par t\u00e9l\u00e9phone, la famille, le couple, ou la personne est re\u00e7u par un th\u00e9rapeute (quelquefois deux), et ensemble (consultants et th\u00e9rapeute) sont \u00e9valu\u00e9es les modalit\u00e9s pratiques du d\u00e9roulement de la th\u00e9rapie.<\/p>\n\n\n\n<p>Les s\u00e9ances durent 1 heure, au rythme d\u2019environ 1 fois par mois. Le co\u00fbt de la s\u00e9ance est de 80\u20ac quel que soit le nombre de consultants.<\/p>\n\n\n\n<div style=\"height:13px\" aria-hidden=\"true\" class=\"wp-block-spacer\"><\/div>\n\n\n\n<p class=\"has-text-align-left\"><strong>Lieu des consultations&nbsp;:<\/strong><\/p>\n\n\n\n<ul class=\"wp-block-list\">\n<li>11 bis square Charles Dullin, 35200 Rennes.<\/li>\n<\/ul>\n\n\n\n<p class=\"has-text-align-center\">T\u00e9l\u00e9phone&nbsp;: 06 15 43 40 59<\/p>\n\n\n\n<div style=\"height:17px\" aria-hidden=\"true\" class=\"wp-block-spacer\"><\/div>\n\n\n\n<p><strong>Acc\u00e8s :<\/strong><\/p>\n\n\n\n<ul class=\"wp-block-list\">\n<li>en Metro : ligne A, station Cl\u00e9menceau, puis 5 minutes \u00e0 pied<\/li>\n\n\n\n<li>en Voiture : Rue Louis et Ren\u00e9 Moine, vous trouverez pr\u00e8s du carrefour avec l&rsquo;avenue Georges Cl\u00e9menceau un grand parking gratuit. De ce parking est fl\u00e9ch\u00e9 le square Charles Dullin. Vous devrez passer sour la barre d&rsquo;immeuble par un petit passage \u00e0 partir duquel est fl\u00e9ch\u00e9 TSF R\u00e9so 35.<\/li>\n<\/ul>\n\n\n\n<div style=\"height:30px\" aria-hidden=\"true\" class=\"wp-block-spacer\"><\/div>\n\n\n<div class=\"wp-block-image\">\n<figure class=\"aligncenter size-full is-resized\"><img loading=\"lazy\" decoding=\"async\" width=\"1000\" height=\"750\" src=\"https:\/\/tsfreso35.fr\/wp-content\/uploads\/2023\/10\/Tableaux.jpg\" alt=\"\" class=\"wp-image-12\" style=\"aspect-ratio:1.3333333333333333;width:560px;height:auto\" srcset=\"https:\/\/tsfreso35.fr\/wp-content\/uploads\/2023\/10\/Tableaux.jpg 1000w, https:\/\/tsfreso35.fr\/wp-content\/uploads\/2023\/10\/Tableaux-300x225.jpg 300w, https:\/\/tsfreso35.fr\/wp-content\/uploads\/2023\/10\/Tableaux-768x576.jpg 768w\" sizes=\"auto, (max-width: 1000px) 100vw, 1000px\" \/><\/figure>\n<\/div>\n\n\n<div style=\"height:49px\" aria-hidden=\"true\" class=\"wp-block-spacer\"><\/div>\n\n\n\n<p><strong>Th\u00e9rapeutes&nbsp;:<\/strong><\/p>\n\n\n\n<ul class=\"wp-block-list\">\n<li>Mado Alladoum<\/li>\n\n\n\n<li>Yann Bouillon<\/li>\n\n\n\n<li>Marie Sabot<\/li>\n<\/ul>\n\n\n\n<p>Membres titulaires de l\u2019<a href=\"https:\/\/www.efta.int\/\" data-type=\"link\" data-id=\"https:\/\/www.efta.int\/\">EFTA<\/a> (association europ\u00e9enne de th\u00e9rapie familiale)<\/p>\n\n\n\n<div style=\"height:38px\" aria-hidden=\"true\" class=\"wp-block-spacer\"><\/div>\n\n\n\n<p>TSF R\u00e9so35 travaille en collaboration avec l\u2019organisme de formation <a href=\"https:\/\/www.forsyfa.com\/\">FORSYFA<\/a> \u00e0 Nantes, notamment en accueillant des stagiaires th\u00e9rapeutes pour leurs stages pratiques.<\/p>\n\n\n\n<div style=\"height:73px\" aria-hidden=\"true\" class=\"wp-block-spacer\"><\/div>\n\n\n\n<p class=\"has-text-align-center\"><strong>#th\u00e9rapie familiale #syst\u00e9mique #therapie de couple #therapie individuelle<\/strong><\/p>\n","protected":false},"excerpt":{"rendered":"<p>TSF R\u00e9so35 est un lieu de consultations pour des familles, des couples et des individus. Les th\u00e9rapeutes ont en r\u00e9f\u00e9rence commune l\u2019approche syst\u00e9mique. Cette consultation s\u2019adresse \u00e0 des familles ou des couples rencontrant des difficult\u00e9s relationnelles familiales et\/ou conjugales. Elle est \u00e9galement ouverte \u00e0 toute personne d\u00e9sirant travailler sa relation avec sa famille d\u2019origine (travail [&hellip;]<\/p>\n","protected":false},"author":1,"featured_media":0,"parent":0,"menu_order":0,"comment_status":"closed","ping_status":"closed","template":"","meta":{"footnotes":""},"class_list":["post-10","page","type-page","status-publish","hentry"],"jetpack_sharing_enabled":true,"_links":{"self":[{"href":"https:\/\/tsfreso35.fr\/index.php\/wp-json\/wp\/v2\/pages\/10","targetHints":{"allow":["GET"]}}],"collection":[{"href":"https:\/\/tsfreso35.fr\/index.php\/wp-json\/wp\/v2\/pages"}],"about":[{"href":"https:\/\/tsfreso35.fr\/index.php\/wp-json\/wp\/v2\/types\/page"}],"author":[{"embeddable":true,"href":"https:\/\/tsfreso35.fr\/index.php\/wp-json\/wp\/v2\/users\/1"}],"replies":[{"embeddable":true,"href":"https:\/\/tsfreso35.fr\/index.php\/wp-json\/wp\/v2\/comments?post=10"}],"version-history":[{"count":15,"href":"https:\/\/tsfreso35.fr\/index.php\/wp-json\/wp\/v2\/pages\/10\/revisions"}],"predecessor-version":[{"id":198,"href":"https:\/\/tsfreso35.fr\/index.php\/wp-json\/wp\/v2\/pages\/10\/revisions\/198"}],"wp:attachment":[{"href":"https:\/\/tsfreso35.fr\/index.php\/wp-json\/wp\/v2\/media?parent=10"}],"curies":[{"name":"wp","href":"https:\/\/api.w.org\/{rel}","templated":true}]}}